{"id":182,"date":"2021-07-16T09:58:42","date_gmt":"2021-07-16T07:58:42","guid":{"rendered":"http:\/\/icallcars.lu\/mentions-legales\/"},"modified":"2021-07-16T09:59:08","modified_gmt":"2021-07-16T07:59:08","slug":"mentions-legales","status":"publish","type":"page","link":"https:\/\/icallcars.lu\/en\/mentions-legales\/","title":{"rendered":"Mentions l\u00e9gales"},"content":{"rendered":"<section class=\"wpb-content-wrapper\"><p>[vc_section][vc_row][vc_column][vc_column_text el_class=&#8221;al-center white&#8221;]<\/p>\n<h1 class=\"white\">Mentions l\u00e9gales<\/h1>\n<p>[\/vc_column_text][\/vc_column][\/vc_row][vc_row][vc_column][vc_column_text el_class=&#8221;al-center white&#8221;]<\/p>\n<table>\n<tbody>\n<tr>\n<td>Adresse postale<\/td>\n<td><b>IC All Cars<\/b><br \/>\n1, rue Pletzer<br \/>\nL-8080 Bertrange<\/td>\n<\/tr>\n<tr>\n<td>repr\u00e9sent\u00e9 par les directeurs g\u00e9n\u00e9raux<\/td>\n<td>Ivo Gomes<\/td>\n<\/tr>\n<tr>\n<td>Tel<\/td>\n<td>+352 661 300 717<\/td>\n<\/tr>\n<tr>\n<td><\/td>\n<td><\/td>\n<\/tr>\n<tr>\n<td>Enregistr\u00e9 \u00e0<\/td>\n<td>Chambre de Commerce<\/td>\n<\/tr>\n<tr>\n<td>num\u00e9ro d\u2019identification \u00e0 la TVA<\/td>\n<td>LU 29663688<\/td>\n<\/tr>\n<tr>\n<td>Responsable du contenu<\/td>\n<td>Christiane Bintner<\/td>\n<\/tr>\n<\/tbody>\n<\/table>\n<p>[\/vc_column_text][\/vc_column][\/vc_row][vc_row][vc_column][vc_column_text el_class=&#8221;white&#8221;]<strong>Clause de non-responsabilit\u00e9<\/strong><\/p>\n<p>Malgr\u00e9 un contr\u00f4le minutieux du contenu, nous d\u00e9clinons toute responsabilit\u00e9 quant au contenu des liens externes. Les exploitants des pages li\u00e9es sont seuls responsables de leur contenu. Protection des donn\u00e9es : Les donn\u00e9es personnelles que vous nous transmettez, par exemple votre nom, votre adresse e-mail ou d\u2019autres donn\u00e9es personnelles, seront conserv\u00e9es en toute s\u00e9curit\u00e9 par nos soins et ne seront pas transmises \u00e0 des tiers. Si, toutefois, vous souhaitez que vos donn\u00e9es soient effac\u00e9es, veuillez nous le faire savoir et nous le ferons imm\u00e9diatement.<br \/>\n[\/vc_column_text][\/vc_column][\/vc_row][vc_row][vc_column][vc_column_text el_class=&#8221;white&#8221;]<strong>Responsabilit\u00e9 du contenu<\/strong><\/p>\n<p>Le contenu de nos pages a \u00e9t\u00e9 cr\u00e9\u00e9 avec le plus grand soin. Pour l\u2019exactitude, l\u2019exhaustivit\u00e9 et l\u2019actualit\u00e9 des contenus, nous ne pouvons toutefois assumer aucune garantie. En tant que prestataire de services, nous sommes responsables de notre propre contenu sur ces pages conform\u00e9ment aux lois g\u00e9n\u00e9rales. Nous ne sommes pas oblig\u00e9s de surveiller les informations transmises ou stock\u00e9es par des tiers ou de rechercher des circonstances qui indiquent une activit\u00e9 ill\u00e9gale. Les obligations de supprimer ou de bloquer l\u2019utilisation des informations conform\u00e9ment aux lois g\u00e9n\u00e9rales n\u2019en sont pas affect\u00e9es. Toutefois, la responsabilit\u00e9 \u00e0 cet \u00e9gard n\u2019est possible qu\u2019\u00e0 partir du moment o\u00f9 nous prenons connaissance d\u2019une violation concr\u00e8te de la loi. D\u00e8s que nous aurons connaissance de telles infractions, nous supprimerons imm\u00e9diatement le contenu.[\/vc_column_text][\/vc_column][\/vc_row][vc_row][vc_column][vc_column_text el_class=&#8221;white&#8221;]<strong>Responsabilit\u00e9 pour les liens<\/strong><\/p>\n<p>Notre offre contient des liens vers des sites Web externes de tiers sur les contenus desquels nous n\u2019avons aucune influence. C\u2019est pourquoi nous d\u00e9clinons toute responsabilit\u00e9 pour ces contenus externes. Le fournisseur ou l\u2019exploitant respectif des pages est toujours responsable du contenu des pages li\u00e9es. Au moment de l\u2019\u00e9tablissement du lien, les pages li\u00e9es ont \u00e9t\u00e9 contr\u00f4l\u00e9es quant \u00e0 d\u2019\u00e9ventuelles violations de la loi. Les contenus ill\u00e9gaux n\u2019\u00e9taient pas reconnaissables au moment de la cr\u00e9ation des liens. Un contr\u00f4le permanent du contenu des pages li\u00e9es n\u2019est pas raisonnable sans preuve concr\u00e8te d\u2019une infraction. D\u00e8s que nous aurons connaissance d\u2019une violation de la loi, nous supprimerons imm\u00e9diatement ces liens.[\/vc_column_text][\/vc_column][\/vc_row][vc_row][vc_column][vc_column_text el_class=&#8221;white&#8221;]<strong>Les droits d\u2019auteur<\/strong><\/p>\n<p>Le contenu et les \u0153uvres de ces pages cr\u00e9\u00e9es par les exploitants du site sont soumis au droit d\u2019auteur allemand. La reproduction, le traitement, la distribution et toute forme de commercialisation de ce mat\u00e9riel en dehors du champ d\u2019application de la loi sur le droit d\u2019auteur n\u00e9cessitent l\u2019autorisation \u00e9crite pr\u00e9alable de son auteur ou cr\u00e9ateur respectif. Le t\u00e9l\u00e9chargement et la copie de ces pages ne sont autoris\u00e9s que pour un usage priv\u00e9 et non commercial. Dans la mesure o\u00f9 le contenu de ce site n\u2019a pas \u00e9t\u00e9 cr\u00e9\u00e9 par l\u2019exploitant, les droits d\u2019auteur de tiers sont respect\u00e9s. En particulier, les contenus de tiers sont marqu\u00e9s comme tels. Si vous avez n\u00e9anmoins connaissance d\u2019une violation du droit d\u2019auteur, veuillez nous en informer. D\u00e8s que nous aurons connaissance d\u2019une infraction, nous supprimerons imm\u00e9diatement ces contenus.[\/vc_column_text][\/vc_column][\/vc_row][vc_row][vc_column][vc_column_text el_class=&#8221;white&#8221;]<strong>Protection des donn\u00e9es<\/strong><\/p>\n<p>L\u2019utilisation de notre site Internet est g\u00e9n\u00e9ralement possible sans fournir de donn\u00e9es personnelles. Dans la mesure o\u00f9 des donn\u00e9es personnelles (par ex. nom, adresse ou adresse e-mail) sont collect\u00e9es sur nos pages, cela se fait toujours sur une base volontaire dans la mesure du possible. Ces donn\u00e9es ne seront pas transmises \u00e0 des tiers sans votre consentement explicite. Nous attirons votre attention sur le fait que la transmission de donn\u00e9es sur Internet (p. ex. la communication par e-mail) peut pr\u00e9senter des failles de s\u00e9curit\u00e9. Une protection compl\u00e8te des donn\u00e9es contre l\u2019acc\u00e8s par des tiers n\u2019est pas possible. L\u2019utilisation des donn\u00e9es de contact publi\u00e9es dans le cadre de l\u2019obligation de mentions l\u00e9gales par des tiers pour l\u2019envoi de mat\u00e9riel publicitaire et d\u2019information non sollicit\u00e9 est express\u00e9ment interdite. Les exploitants de ce site Web se r\u00e9servent express\u00e9ment le droit d\u2019intenter une action en justice en cas d\u2019envoi ou d\u2019envoi non sollicit\u00e9 de pourriels ou d\u2019autres mat\u00e9riels publicitaires similaires. Source : Disclaimer de eRecht24, le portail du droit de l\u2019Internet de l\u2019avocat S\u00f6ren Siebert.[\/vc_column_text][\/vc_column][\/vc_row][vc_row][vc_column][vc_column_text el_class=&#8221;white&#8221;]<strong>Mat\u00e9riel photographique<\/strong><\/p>\n<p>http:\/\/www.bigstockphoto.com[\/vc_column_text][\/vc_column][\/vc_row][\/vc_section]<\/p>\n<\/section>","protected":false},"excerpt":{"rendered":"<p>[vc_section][vc_row][vc_column][vc_column_text el_class=&#8221;al-center white&#8221;] Mentions l\u00e9gales [\/vc_column_text][\/vc_column][\/vc_row][vc_row][vc_column][vc_column_text el_class=&#8221;al-center white&#8221;] Adresse postale IC All Cars 1, rue Pletzer L-8080 Bertrange repr\u00e9sent\u00e9 par les directeurs g\u00e9n\u00e9raux Ivo Gomes Tel<span class=\"excerpt-hellip\"> [\u2026]<\/span><\/p>\n","protected":false},"author":1,"featured_media":0,"parent":0,"menu_order":0,"comment_status":"closed","ping_status":"closed","template":"","meta":{"inline_featured_image":false,"footnotes":""},"class_list":["post-182","page","type-page","status-publish","hentry"],"yoast_head":"<!-- This site is optimized with the Yoast SEO plugin v20.8 - https:\/\/yoast.com\/wordpress\/plugins\/seo\/ -->\n<title>Mentions l\u00e9gales - IC All Cars<\/title>\n<meta name=\"robots\" content=\"index, follow, max-snippet:-1, max-image-preview:large, max-video-preview:-1\" \/>\n<link rel=\"canonical\" href=\"https:\/\/icallcars.lu\/en\/mentions-legales\/\" \/>\n<meta property=\"og:locale\" content=\"en_US\" \/>\n<meta property=\"og:type\" content=\"article\" \/>\n<meta property=\"og:title\" content=\"Mentions l\u00e9gales - IC All Cars\" \/>\n<meta property=\"og:description\" content=\"[vc_section][vc_row][vc_column][vc_column_text el_class=&#8221;al-center white&#8221;] Mentions l\u00e9gales [\/vc_column_text][\/vc_column][\/vc_row][vc_row][vc_column][vc_column_text el_class=&#8221;al-center white&#8221;] Adresse postale IC All Cars 1, rue Pletzer L-8080 Bertrange repr\u00e9sent\u00e9 par les directeurs g\u00e9n\u00e9raux Ivo Gomes Tel [\u2026]\" \/>\n<meta property=\"og:url\" content=\"https:\/\/icallcars.lu\/en\/mentions-legales\/\" \/>\n<meta property=\"og:site_name\" content=\"IC All Cars\" \/>\n<meta property=\"article:modified_time\" content=\"2021-07-16T07:59:08+00:00\" \/>\n<meta name=\"twitter:card\" content=\"summary_large_image\" \/>\n<meta name=\"twitter:label1\" content=\"Est. reading time\" \/>\n\t<meta name=\"twitter:data1\" content=\"4 minutes\" \/>\n<script type=\"application\/ld+json\" class=\"yoast-schema-graph\">{\"@context\":\"https:\/\/schema.org\",\"@graph\":[{\"@type\":\"WebPage\",\"@id\":\"https:\/\/icallcars.lu\/en\/mentions-legales\/\",\"url\":\"https:\/\/icallcars.lu\/en\/mentions-legales\/\",\"name\":\"Mentions l\u00e9gales - IC All Cars\",\"isPartOf\":{\"@id\":\"https:\/\/icallcars.lu\/#website\"},\"datePublished\":\"2021-07-16T07:58:42+00:00\",\"dateModified\":\"2021-07-16T07:59:08+00:00\",\"breadcrumb\":{\"@id\":\"https:\/\/icallcars.lu\/en\/mentions-legales\/#breadcrumb\"},\"inLanguage\":\"en-US\",\"potentialAction\":[{\"@type\":\"ReadAction\",\"target\":[\"https:\/\/icallcars.lu\/en\/mentions-legales\/\"]}]},{\"@type\":\"BreadcrumbList\",\"@id\":\"https:\/\/icallcars.lu\/en\/mentions-legales\/#breadcrumb\",\"itemListElement\":[{\"@type\":\"ListItem\",\"position\":1,\"name\":\"Home\",\"item\":\"https:\/\/icallcars.lu\/en\/\"},{\"@type\":\"ListItem\",\"position\":2,\"name\":\"Mentions l\u00e9gales\"}]},{\"@type\":\"WebSite\",\"@id\":\"https:\/\/icallcars.lu\/#website\",\"url\":\"https:\/\/icallcars.lu\/\",\"name\":\"IC All Cars\",\"description\":\"\",\"potentialAction\":[{\"@type\":\"SearchAction\",\"target\":{\"@type\":\"EntryPoint\",\"urlTemplate\":\"https:\/\/icallcars.lu\/?s={search_term_string}\"},\"query-input\":\"required name=search_term_string\"}],\"inLanguage\":\"en-US\"}]}<\/script>\n<!-- \/ Yoast SEO plugin. -->","yoast_head_json":{"title":"Mentions l\u00e9gales - IC All Cars","robots":{"index":"index","follow":"follow","max-snippet":"max-snippet:-1","max-image-preview":"max-image-preview:large","max-video-preview":"max-video-preview:-1"},"canonical":"https:\/\/icallcars.lu\/en\/mentions-legales\/","og_locale":"en_US","og_type":"article","og_title":"Mentions l\u00e9gales - IC All Cars","og_description":"[vc_section][vc_row][vc_column][vc_column_text el_class=&#8221;al-center white&#8221;] Mentions l\u00e9gales [\/vc_column_text][\/vc_column][\/vc_row][vc_row][vc_column][vc_column_text el_class=&#8221;al-center white&#8221;] Adresse postale IC All Cars 1, rue Pletzer L-8080 Bertrange repr\u00e9sent\u00e9 par les directeurs g\u00e9n\u00e9raux Ivo Gomes Tel [\u2026]","og_url":"https:\/\/icallcars.lu\/en\/mentions-legales\/","og_site_name":"IC All Cars","article_modified_time":"2021-07-16T07:59:08+00:00","twitter_card":"summary_large_image","twitter_misc":{"Est. reading time":"4 minutes"},"schema":{"@context":"https:\/\/schema.org","@graph":[{"@type":"WebPage","@id":"https:\/\/icallcars.lu\/en\/mentions-legales\/","url":"https:\/\/icallcars.lu\/en\/mentions-legales\/","name":"Mentions l\u00e9gales - IC All Cars","isPartOf":{"@id":"https:\/\/icallcars.lu\/#website"},"datePublished":"2021-07-16T07:58:42+00:00","dateModified":"2021-07-16T07:59:08+00:00","breadcrumb":{"@id":"https:\/\/icallcars.lu\/en\/mentions-legales\/#breadcrumb"},"inLanguage":"en-US","potentialAction":[{"@type":"ReadAction","target":["https:\/\/icallcars.lu\/en\/mentions-legales\/"]}]},{"@type":"BreadcrumbList","@id":"https:\/\/icallcars.lu\/en\/mentions-legales\/#breadcrumb","itemListElement":[{"@type":"ListItem","position":1,"name":"Home","item":"https:\/\/icallcars.lu\/en\/"},{"@type":"ListItem","position":2,"name":"Mentions l\u00e9gales"}]},{"@type":"WebSite","@id":"https:\/\/icallcars.lu\/#website","url":"https:\/\/icallcars.lu\/","name":"IC All Cars","description":"","potentialAction":[{"@type":"SearchAction","target":{"@type":"EntryPoint","urlTemplate":"https:\/\/icallcars.lu\/?s={search_term_string}"},"query-input":"required name=search_term_string"}],"inLanguage":"en-US"}]}},"_links":{"self":[{"href":"https:\/\/icallcars.lu\/en\/wp-json\/wp\/v2\/pages\/182","targetHints":{"allow":["GET"]}}],"collection":[{"href":"https:\/\/icallcars.lu\/en\/wp-json\/wp\/v2\/pages"}],"about":[{"href":"https:\/\/icallcars.lu\/en\/wp-json\/wp\/v2\/types\/page"}],"author":[{"embeddable":true,"href":"https:\/\/icallcars.lu\/en\/wp-json\/wp\/v2\/users\/1"}],"replies":[{"embeddable":true,"href":"https:\/\/icallcars.lu\/en\/wp-json\/wp\/v2\/comments?post=182"}],"version-history":[{"count":1,"href":"https:\/\/icallcars.lu\/en\/wp-json\/wp\/v2\/pages\/182\/revisions"}],"predecessor-version":[{"id":183,"href":"https:\/\/icallcars.lu\/en\/wp-json\/wp\/v2\/pages\/182\/revisions\/183"}],"wp:attachment":[{"href":"https:\/\/icallcars.lu\/en\/wp-json\/wp\/v2\/media?parent=182"}],"curies":[{"name":"wp","href":"https:\/\/api.w.org\/{rel}","templated":true}]}}